{"id":3,"date":"2023-04-27T23:59:38","date_gmt":"2023-04-27T23:59:38","guid":{"rendered":"https:\/\/arsvivendi.cl\/store\/?page_id=3"},"modified":"2023-04-30T15:42:35","modified_gmt":"2023-04-30T19:42:35","slug":"politica-privacidad","status":"publish","type":"page","link":"https:\/\/arsvivendi.cl\/store\/politica-privacidad\/","title":{"rendered":"Pol\u00edtica de privacidad"},"content":{"rendered":"<div class=\"container section-title-container\" ><h3 class=\"section-title section-title-center\"><b aria-hidden=\"true\"><\/b><span class=\"section-title-main\" style=\"font-size:139%;color:rgb(236, 111, 3);\">POLITICAS DE PRIVACIDAD<\/span><b aria-hidden=\"true\"><\/b><\/h3><\/div>\n<div class=\"row align-equal align-center\"  id=\"row-801010176\">\n\n\t<div id=\"col-1953782786\" class=\"col small-12 large-12\"  >\n\t\t\t\t<div class=\"col-inner box-shadow-2\"  >\n\t\t\t\n\t\t\t\n\t<div id=\"text-287692394\" class=\"text\">\n\t\t\n<p style=\"text-align: justify;\"><strong>Introducci\u00f3n<\/strong><\/p>\n<p style=\"text-align: justify;\">Cuando navegas por <strong>arsvivendi.cl<\/strong> tendremos la oportunidad de conocer tus necesidades y preferencias. Esa informaci\u00f3n estad\u00edstica de navegaci\u00f3n es para nosotros muy importante, ya que nos permite entregar a nuestros clientes una constante mejora\u00a0 en su experiencia en el sitio y el servicio de venta de nuestros productos, lo que conlleva a su satisfacci\u00f3n.<\/p>\n<p style=\"text-align: justify;\"><strong> Almacenamiento, Finalidad, Custodia y Tratamiento<\/strong><\/p>\n<p style=\"text-align: justify;\">Los datos personales que voluntariamente ingresas al hacer uso de este sitio, \u00a0son almacenados y utilizados solo por <strong>arsvivendi.cl<\/strong> \u00a0\u00a0y son \u00fanicamente el correo electr\u00f3nico y\/o tel\u00e9fono para ponernos en contacto con usted, en los casos de consultas que ayuden a que la venta sea exitosa o en caso de consultar por posibles problemas del sitio para poder mejorar el proceso de navegaci\u00f3n o compra.<\/p>\n<p style=\"text-align: justify;\">La informaci\u00f3n ingresada en el \u00a0sitio Web, es an\u00f3nima, de manera que, los antecedentes personales de los Clientes son tratados por <strong>arsvivendi.cl<\/strong>\u00a0con los\u00a0 fines presentados anteriormente.<br \/>Los clientes, adem\u00e1s, tienen siempre derecho a solicitar que no se les env\u00ede publicidad a su correo electr\u00f3nico.<\/p>\n<p style=\"text-align: justify;\"><strong> Cookies <\/strong><\/p>\n<p style=\"text-align: justify;\">Una cookie es informaci\u00f3n recogida por un sitio web y almacenada s\u00f3lo en el navegador del usuario, que le permite al sitio web conocer la actividad previa de \u00e9ste. <strong>Arsvivendi.cl<\/strong> usa las \u00abcookies\u00bb de persistencia para entregar \u00fanicamente una mayor rapidez al momento de ingresar informaci\u00f3n.<\/p>\n<p style=\"text-align: justify;\">Si no deseas el almacenamiento de cookies de nuestro sitio, s\u00f3lo debes desactivarlas en tu navegador.<\/p>\n<p style=\"text-align: justify;\"><strong> Google Analytics <\/strong><\/p>\n<p style=\"text-align: justify;\">Google Analytics es una herramienta para el an\u00e1lisis web que mediante la utilizaci\u00f3n de cookies permite entregar informaci\u00f3n estad\u00edstica, COMPLETAMENTE AN\u00d3NIMA, asociada a los visitantes de<strong> arsvivendi.cl<\/strong>.<\/p>\n<p style=\"text-align: justify;\">Adicionalmente utilizamos esta herramienta para fines publicitarios, mostrando anuncios en los sitios web asociados a la red de contenido de Google bas\u00e1ndose en las visitas previas a nuestro sitio, lo que se conoce como Remarketing.<\/p>\n<p style=\"text-align: justify;\">Para evitar la recopilaci\u00f3n de datos desde Google Analytics existen las siguientes alternativas:<\/p>\n<p style=\"text-align: justify;\">\u25aa Deshabilitar el almacenamiento de cookies en el explorador de internet correspondiente.<br \/>\u25aa Descargar un complemento al explorador de internet en el siguiente link:\u00a0<a href=\"https:\/\/tools.google.com\/dlpage\/gaoptout\/\">https:\/\/tools.google.com\/dlpage\/gaoptout\/<\/a><\/p>\n<p style=\"text-align: justify;\"><strong> T\u00e9rminos legales<\/strong><\/p>\n<p style=\"text-align: justify;\">La informaci\u00f3n que se recolectar\u00e1 mediante la visita a este sitio Web, ser\u00e1 siempre an\u00f3nima, de manera que, los antecedentes personales de los Clientes no ser\u00e1n tratados por con un prop\u00f3sito diferente del manifestado en el presente instrumento.<\/p>\n<p style=\"text-align: justify;\">Los clientes tendr\u00e1n siempre derecho a deshabilitar las cookies de que se da cuenta en los numerales anteriores, no pudiendo <strong>arsvivendi.cl<\/strong>\u00a0evitar de manera alguna dicha acci\u00f3n.<\/p>\n<p style=\"text-align: justify;\">Junto con ello, todos los datos almacenados no ser\u00e1n nunca entregados o vendidos a terceros con fines de marketing o publicidad.<\/p>\n\t\t\n<style>\n#text-287692394 {\n  font-size: 0.85rem;\n}\n<\/style>\n\t<\/div>\n\t\n\t\t<\/div>\n\t\t\t\t\n<style>\n#col-1953782786 > .col-inner {\n  padding: 30px 25px 15px 25px;\n}\n<\/style>\n\t<\/div>\n\n\t\n<\/div>\n","protected":false},"excerpt":{"rendered":"","protected":false},"author":1,"featured_media":0,"parent":0,"menu_order":0,"comment_status":"closed","ping_status":"closed","template":"","meta":{"_acf_changed":false,"footnotes":""},"class_list":["post-3","page","type-page","status-publish","hentry"],"acf":[],"aioseo_notices":[],"_links":{"self":[{"href":"https:\/\/arsvivendi.cl\/store\/wp-json\/wp\/v2\/pages\/3","targetHints":{"allow":["GET"]}}],"collection":[{"href":"https:\/\/arsvivendi.cl\/store\/wp-json\/wp\/v2\/pages"}],"about":[{"href":"https:\/\/arsvivendi.cl\/store\/wp-json\/wp\/v2\/types\/page"}],"author":[{"embeddable":true,"href":"https:\/\/arsvivendi.cl\/store\/wp-json\/wp\/v2\/users\/1"}],"replies":[{"embeddable":true,"href":"https:\/\/arsvivendi.cl\/store\/wp-json\/wp\/v2\/comments?post=3"}],"version-history":[{"count":0,"href":"https:\/\/arsvivendi.cl\/store\/wp-json\/wp\/v2\/pages\/3\/revisions"}],"wp:attachment":[{"href":"https:\/\/arsvivendi.cl\/store\/wp-json\/wp\/v2\/media?parent=3"}],"curies":[{"name":"wp","href":"https:\/\/api.w.org\/{rel}","templated":true}]}}