{"id":6941,"date":"2023-04-30T14:40:42","date_gmt":"2023-04-30T18:40:42","guid":{"rendered":"https:\/\/arsvivendi.cl\/store\/?page_id=6941"},"modified":"2023-04-30T14:41:43","modified_gmt":"2023-04-30T18:41:43","slug":"somos","status":"publish","type":"page","link":"https:\/\/arsvivendi.cl\/store\/somos\/","title":{"rendered":"Somos"},"content":{"rendered":"<div class=\"container section-title-container\" ><h3 class=\"section-title section-title-center\"><b aria-hidden=\"true\"><\/b><span class=\"section-title-main\" style=\"font-size:139%;color:rgb(236, 111, 3);\">Somos<\/span><b aria-hidden=\"true\"><\/b><\/h3><\/div>\n\n\t<section class=\"section has-scroll-for-more\" id=\"section_2090911710\">\n\t\t<div class=\"section-bg fill\" >\n\t\t\t\t\t\t\t\t\t<button class=\"scroll-for-more z-5 icon absolute bottom h-center\" aria-label=\"Despl\u00e1cese para m\u00e1s\"><i class=\"icon-angle-down\" aria-hidden=\"true\" style=\"font-size:42px;\"><\/i><\/button>\n\t\t\t\n\t<div class=\"is-border\"\n\t\tstyle=\"border-color:rgb(235, 235, 235);border-width:1px 0px 0px 0px;\">\n\t<\/div>\n\n\t\t<\/div>\n\n\t\t\t<div class=\"ux-shape-divider ux-shape-divider--top ux-shape-divider--style-waves-opacity-3\">\n\t\t<svg viewBox=\"0 0 1000 300\" xmlns=\"http:\/\/www.w3.org\/2000\/svg\" preserveAspectRatio=\"none\">\n\t<path class=\"ux-shape-fill\" opacity=\"0.05\" d=\"M1014 264V386H206L34 300C34 300 344.42 277.16 436 221C542 156 590 160 704 209C811 255 899.11 214.94 979 346L1014 264Z\"\/>\n\t<path class=\"ux-shape-fill\" opacity=\"0.1\" d=\"M-302 55C-302 55 -66.73 263.25 50 214C178 160 283 116 353 141C445.68 174.1 534.28 256.19 588 249C692.9 235 764.52 75.94 855 131C940.61 183.09 1000 254 1000 254V328L-306 338L-302 55Z\"\/>\n\t<path class=\"ux-shape-fill\" opacity=\"0.15\" d=\"M-286 255C-286 255 -72 152 52 126C176 100 255 155 436 227C581.57 284.91 614.7 277.79 708 227C787 184 1009 3.0001 1093 164C1146 265.63 1031 293 1031 293L924 377L-288 389L-286 255Z\"\/>\n\t<path class=\"ux-shape-fill\" opacity=\"0.3\" d=\"M-24 69C-24 69 275.68 370.66 389 314C397 310 622 316 673 356C690.47 369.7 845 224 890 182C944.8 130.85 1018 92 1078 143C1154.12 207.7 1196 242 1196 242L1184 374L-28 386L-24 69Z\"\/>\n\t<path class=\"ux-shape-fill\" d=\"M-12 201C-12 201 58 284 182 258C306 232 342.29 221.23 456 264C565 305 640.82 288.36 721 249C776 222 837.5 191.31 935 253C984 284 1030 279 1030 279L1024 430L-12 440V201Z\"\/>\n<\/svg>\n\t<\/div>\n\n\n\t\t<div class=\"section-content relative\">\n\t\t\t\n<div class=\"row align-equal align-center\"  id=\"row-1142011656\">\n\n\t<div id=\"col-793737478\" class=\"col small-12 large-12\"  >\n\t\t\t\t<div class=\"col-inner\"  >\n\t\t\t\n\t\t\t\n\t<div id=\"text-3874865459\" class=\"text\">\n\t\t\n<p><strong>Ars vivendi design<\/strong>, marca premium en Chile fundada en el 2003 con el prop\u00f3sito de ofrecer nuevos conceptos en decoraci\u00f3n, trabajando con l\u00edneas vanguardistas, tendencias totalmente diferentes en arte y dise\u00f1o.<\/p>\n<p>Nuestro objetivo de incursionar en el mercado, nace de la necesidad de proveer en chile un suministro especializado de objetos de dise\u00f1o y de regalo que sean exclusivos para quienes los adquieren ya sea para ser utilizados en el hogar o en la oficina y que, representen una obra de arte coleccionable, decorativa y funcional para quienes los adquieren. Esto nos obliga a dirigir nuestros productos a un mercado selecto y exigente el cual busca siempre innovar con lo mejor.<\/p>\n<p>Para lograr este objetivo, hemos adquirido la representaci\u00f3n exclusiva de varias casas de dise\u00f1o y de artistas nacionales e internacionales.<\/p>\n\t\t\n<style>\n#text-3874865459 {\n  font-size: 0.85rem;\n}\n<\/style>\n\t<\/div>\n\t\n\t\t<\/div>\n\t\t\t\t\t<\/div>\n\n\t\n<\/div>\n\t\t<\/div>\n\n\t\t\n<style>\n#section_2090911710 {\n  padding-top: 10px;\n  padding-bottom: 10px;\n  min-height: 150px;\n  background-color: rgb(255,255,255);\n}\n#section_2090911710 .ux-shape-divider--top svg {\n  height: 150px;\n  --divider-top-width: 100%;\n}\n#section_2090911710 .ux-shape-divider--top .ux-shape-fill {\n  fill: rgb(230, 230, 230);\n}\n<\/style>\n\t<\/section>\n\t\n","protected":false},"excerpt":{"rendered":"","protected":false},"author":1,"featured_media":0,"parent":0,"menu_order":0,"comment_status":"closed","ping_status":"closed","template":"","meta":{"_acf_changed":false,"footnotes":""},"class_list":["post-6941","page","type-page","status-publish","hentry"],"acf":[],"aioseo_notices":[],"_links":{"self":[{"href":"https:\/\/arsvivendi.cl\/store\/wp-json\/wp\/v2\/pages\/6941","targetHints":{"allow":["GET"]}}],"collection":[{"href":"https:\/\/arsvivendi.cl\/store\/wp-json\/wp\/v2\/pages"}],"about":[{"href":"https:\/\/arsvivendi.cl\/store\/wp-json\/wp\/v2\/types\/page"}],"author":[{"embeddable":true,"href":"https:\/\/arsvivendi.cl\/store\/wp-json\/wp\/v2\/users\/1"}],"replies":[{"embeddable":true,"href":"https:\/\/arsvivendi.cl\/store\/wp-json\/wp\/v2\/comments?post=6941"}],"version-history":[{"count":0,"href":"https:\/\/arsvivendi.cl\/store\/wp-json\/wp\/v2\/pages\/6941\/revisions"}],"wp:attachment":[{"href":"https:\/\/arsvivendi.cl\/store\/wp-json\/wp\/v2\/media?parent=6941"}],"curies":[{"name":"wp","href":"https:\/\/api.w.org\/{rel}","templated":true}]}}