{"id":7501,"date":"2024-04-30T18:10:55","date_gmt":"2024-04-30T22:10:55","guid":{"rendered":"https:\/\/arsvivendi.cl\/store\/?post_type=product&#038;p=7501"},"modified":"2024-08-20T16:30:44","modified_gmt":"2024-08-20T20:30:44","slug":"caja-musical-traumerei","status":"publish","type":"product","link":"https:\/\/arsvivendi.cl\/store\/producto\/caja-musical-traumerei\/","title":{"rendered":"Caja Musical Tr\u00e4umerei"},"content":{"rendered":"<p>Melod\u00eda, Tr\u00e4umerei<\/p>\n","protected":false},"excerpt":{"rendered":"<p>https:\/\/www.fridolin-gmbh.de\/mp3\/Tr%C3%A4umerei-Schumann.mp3<\/p>\n<p>&nbsp;<\/p>\n","protected":false},"featured_media":1929,"template":"","meta":{"_acf_changed":false},"product_brand":[],"product_cat":[493,436,337,496],"product_tag":[196],"class_list":{"0":"post-7501","1":"product","2":"type-product","3":"status-publish","4":"has-post-thumbnail","6":"product_cat-accesorios-2","7":"product_cat-cajas-musicales","8":"product_cat-museum","9":"product_cat-musicales","10":"product_tag-fridolin","12":"first","13":"instock","14":"shipping-taxable","15":"purchasable","16":"product-type-simple"},"acf":[],"aioseo_notices":[],"_links":{"self":[{"href":"https:\/\/arsvivendi.cl\/store\/wp-json\/wp\/v2\/product\/7501","targetHints":{"allow":["GET"]}}],"collection":[{"href":"https:\/\/arsvivendi.cl\/store\/wp-json\/wp\/v2\/product"}],"about":[{"href":"https:\/\/arsvivendi.cl\/store\/wp-json\/wp\/v2\/types\/product"}],"wp:featuredmedia":[{"embeddable":true,"href":"https:\/\/arsvivendi.cl\/store\/wp-json\/wp\/v2\/media\/1929"}],"wp:attachment":[{"href":"https:\/\/arsvivendi.cl\/store\/wp-json\/wp\/v2\/media?parent=7501"}],"wp:term":[{"taxonomy":"product_brand","embeddable":true,"href":"https:\/\/arsvivendi.cl\/store\/wp-json\/wp\/v2\/product_brand?post=7501"},{"taxonomy":"product_cat","embeddable":true,"href":"https:\/\/arsvivendi.cl\/store\/wp-json\/wp\/v2\/product_cat?post=7501"},{"taxonomy":"product_tag","embeddable":true,"href":"https:\/\/arsvivendi.cl\/store\/wp-json\/wp\/v2\/product_tag?post=7501"}],"curies":[{"name":"wp","href":"https:\/\/api.w.org\/{rel}","templated":true}]}}